{"id":104,"date":"2017-01-02T18:01:30","date_gmt":"2017-01-02T17:01:30","guid":{"rendered":"http:\/\/americanhairlessterrier.eu.sk\/?page_id=104"},"modified":"2022-01-11T14:04:43","modified_gmt":"2022-01-11T13:04:43","slug":"odkazy","status":"publish","type":"page","link":"http:\/\/www.americanhairlessterrier.eu.sk\/?page_id=104","title":{"rendered":"Odkazy"},"content":{"rendered":"\r\n\r\n<p><span style=\"text-decoration: underline;\"><span style=\"font-size: 14pt;\"><strong>PARTNERI<\/strong><\/span><\/span><\/p>\n<p><span style=\"font-size: 14pt;\">&#x2666;\u00a0<a href=\"https:\/\/www.instalater.eu.sk\/\" target=\"_blank\" rel=\"noopener noreferrer\">J-K TT , spol. s r. o.<\/a>\u00a0&#x2666;<\/span><\/p>\n<p>Vodoin\u0161tal\u00e1cie a kuren\u00e1rstvo.<\/p>\n<p>\u00a0<\/p>\n<p><span style=\"font-size: 14pt;\">&#x2666;\u00a0<a href=\"https:\/\/www.flash.eu.sk\/\" target=\"_blank\" rel=\"noopener noreferrer\">Flash &#8211; Reklamno &#8211; m\u00f3dna agent\u00fara<\/a>\u00a0&#x2666;<\/span><\/p>\n<p>Flash reklamno-m\u00f3dna agent\u00fara je renomovan\u00e1 modelingov\u00e1 agent\u00fara zaoberaj\u00faca sa vyh\u013ead\u00e1van\u00edm nov\u00fdch tv\u00e1r\u00ed do oblasti modelingu a ich zastupovan\u00edm na Slovensku i v zahrani\u010d\u00ed.<\/p>\n<p>\u00a0<\/p>\n<p><span style=\"font-size: 14pt;\">&#x2666;\u00a0<a href=\"https:\/\/www.petshop.eu.sk\/\" target=\"_blank\" rel=\"noopener noreferrer\">Petshop.eu.sk &#8211; Oble\u010denie pre psov<\/a>\u00a0&#x2666;<\/span><\/p>\n<p>Oble\u010denie pre psov, ps\u00ed sal\u00f3n, hotel pre psov, FLASH PET AGENCY.<\/p>\n<p>\u00a0<\/p>\n<p><span style=\"font-size: 14pt;\">&#x2666; <a href=\"https:\/\/americkybezsrstyterier.cz\/\" target=\"_blank\" rel=\"noopener noreferrer\">americkybezsrtsyterier.cz<\/a>\u00a0&#x2666;<\/span><\/p>\n<p>Str\u00e1nka venovan\u00e1 plemenu american hairless terrier v \u010cech\u00e1ch.<\/p>\n<p>\u00a0<\/p>\n<p><span style=\"font-size: 14pt;\">&#x2666; <a href=\"http:\/\/www.peknypes.sk\/\" target=\"_blank\" rel=\"noopener noreferrer\">peknypes.sk<\/a>\u00a0&#x2666;<\/span><\/p>\n<p>Str\u00e1nka poskytuj\u00faca profesion\u00e1lnu groomersku techniku, ale i v\u0161etko pre potreby V\u00e1\u0161ho psieho mil\u00e1\u010dika<\/p>\n<p>\u00a0<\/p>\n<p><span style=\"font-size: 14pt;\">&#x2666; <a href=\"http:\/\/www.asociaciastrihacovpsov.sk\">asociaciastrihacovpsov.sk<\/a> &#x2666;<\/span><\/p>\n<p>Zdru\u017eenie ps\u00edch sal\u00f3nov a striha\u010dov psov<\/p>\n<p>\u00a0<\/p>\n<p><span style=\"font-size: 14pt;\">&#x2666; <a href=\"http:\/\/www.kurzstrihaniapsov.sk\">kurzstrihaniapsov.sk<\/a> &#x2666;<\/span><\/p>\n<p>Kurzy strihania psov pre za\u010diato\u010dn\u00edkov<\/p>\n<p>\u00a0<\/p>\n<p><span style=\"text-decoration: underline;\"><span style=\"font-size: 14pt;\"><strong>EXTERN\u00c9 ODKAZY<\/strong><\/span><\/span><\/p>\n<p><a href=\"https:\/\/www.akc.org\/dog-breeds\/american-hairless-terrier\/\">https:\/\/www.akc.org\/dog-breeds\/american-hairless-terrier<\/a><\/p>\n<p><a href=\"https:\/\/www.ahtca.info\/index.html\">https:\/\/www.ahtca.info\/index.html<\/a><\/p>\n<p><a href=\"http:\/\/www.americkybezsrstyterier.sk\">http:\/\/www.americkybezsrstyterier.sk<\/a><\/p>\n\n\r\n","protected":false},"excerpt":{"rendered":"<p>PARTNERI &#x2666;\u00a0J-K TT , spol. s r. o.\u00a0&#x2666; Vodoin\u0161tal\u00e1cie a kuren\u00e1rstvo. \u00a0 &#x2666;\u00a0Flash &#8211; Reklamno &#8211; m\u00f3dna agent\u00fara\u00a0&#x2666; Flash reklamno-m\u00f3dna agent\u00fara je renomovan\u00e1 modelingov\u00e1 agent\u00fara zaoberaj\u00faca sa vyh\u013ead\u00e1van\u00edm nov\u00fdch tv\u00e1r\u00ed do oblasti<a class=\"moretag\" href=\"http:\/\/www.americanhairlessterrier.eu.sk\/?page_id=104\">Read More&#8230;<\/a><\/p>\n","protected":false},"author":1,"featured_media":0,"parent":0,"menu_order":34,"comment_status":"closed","ping_status":"closed","template":"","meta":{"footnotes":""},"class_list":["post-104","page","type-page","status-publish","hentry"],"aioseo_notices":[],"_links":{"self":[{"href":"http:\/\/www.americanhairlessterrier.eu.sk\/index.php?rest_route=\/wp\/v2\/pages\/104","targetHints":{"allow":["GET"]}}],"collection":[{"href":"http:\/\/www.americanhairlessterrier.eu.sk\/index.php?rest_route=\/wp\/v2\/pages"}],"about":[{"href":"http:\/\/www.americanhairlessterrier.eu.sk\/index.php?rest_route=\/wp\/v2\/types\/page"}],"author":[{"embeddable":true,"href":"http:\/\/www.americanhairlessterrier.eu.sk\/index.php?rest_route=\/wp\/v2\/users\/1"}],"replies":[{"embeddable":true,"href":"http:\/\/www.americanhairlessterrier.eu.sk\/index.php?rest_route=%2Fwp%2Fv2%2Fcomments&post=104"}],"version-history":[{"count":21,"href":"http:\/\/www.americanhairlessterrier.eu.sk\/index.php?rest_route=\/wp\/v2\/pages\/104\/revisions"}],"predecessor-version":[{"id":1271,"href":"http:\/\/www.americanhairlessterrier.eu.sk\/index.php?rest_route=\/wp\/v2\/pages\/104\/revisions\/1271"}],"wp:attachment":[{"href":"http:\/\/www.americanhairlessterrier.eu.sk\/index.php?rest_route=%2Fwp%2Fv2%2Fmedia&parent=104"}],"curies":[{"name":"wp","href":"https:\/\/api.w.org\/{rel}","templated":true}]}}