{"id":140,"date":"2017-01-04T12:14:07","date_gmt":"2017-01-04T11:14:07","guid":{"rendered":"http:\/\/americanhairlessterrier.eu.sk\/?page_id=140"},"modified":"2017-01-29T16:19:12","modified_gmt":"2017-01-29T15:19:12","slug":"news","status":"publish","type":"page","link":"http:\/\/www.americanhairlessterrier.eu.sk\/?page_id=140","title":{"rendered":"News"},"content":{"rendered":"<table style=\"width: 794px;\">\n<tbody>\n<tr>\n<td style=\"width: 324px;\">\n<div>7. janu\u00e1ra 2017Han\u00e1cka n\u00e1rodn\u00ed v\u00fdstava ps\u00fa<\/div>\n<div>Imany von Santner &#8211; VN1<\/div>\n<div>Silverado \u00b4s Havoc &#8211; V1, CAC,<\/div>\n<div>\u00b4PR\u00b4Bellridge Belvue &#8211; V1, CAC, BOS<\/div>\n<div>Fantasy von Santner &#8211; V1, CAJC, BOJ<\/div>\n<\/td>\n<td style=\"width: 460px;\">\n<div>Winter show Nitra &#8211; medzin\u00e1rodn\u00e1 v\u00fdstava psov 14 a 15 janu\u00e1ra 2017<\/div>\n<div>Ibiza von Santner &#8211; 2 x VN1<\/div>\n<div>\n<div>Silverado \u00b4s Havoc &#8211; V1, CAC. V1, CAC, BOB<\/div>\n<div>Flash Gordon von Santner &#8211; V1, CAC. V2, R.CAC<\/div>\n<div>Fantasy von Santner &#8211; V1, CAC, BOB. V1, CAC<\/div>\n<\/div>\n<\/td>\n<\/tr>\n<\/tbody>\n<\/table>\n<p><strong>All news you can find at FB page &#8211; please add us<\/strong><\/p>\n<p>Facebook group American Hairless Terrier\u00a0\u21d2\u00a0<a href=\"https:\/\/www.facebook.com\/groups\/169067569851229\/?fref=ts\" target=\"_blank\">Facebook \u2013 ABT<\/a><\/p>\n<p>Facebook page American Hairless terrier \u2013 Americk\u00fd Bezsrst\u00fd Teri\u00e9r \u21d2 <a href=\"https:\/\/www.facebook.com\/bestamericanhairlessterrier\" target=\"_blank\">Facebook page AHT \u2013 ABT\u00a0<\/a><\/p>\n<p>My personal Facebook\u00a0\u21d2\u00a0<a href=\"https:\/\/www.facebook.com\/miki.santner\" target=\"_blank\">Facebook \u2013 Miki Santner<\/a><\/p>\n<div id=\"grid-gallery-28-20557\" data-gg-id=\"28\" data-title=\"News\" data-grid-type=\"2\" data-offset=\"5.3\" data-area-position=\"center\" data-icons=\"\" data-preloader=\"true\" data-width=\"auto\" data-height=\"215\" data-padding=\"0\" data-quicksand=\"disabled\" data-quicksand-duration=\"none\" data-popup-theme=\"theme_6\" data-popup-type=\"pretty-photo\" data-popup-image-text=\"data-description\" data-popup-widthsize=\"auto\" data-popup-heightsize=\"auto\" data-popup-i18n-words=\"{&quot;close&quot;:&quot;close&quot;,&quot;next&quot;:&quot;next&quot;,&quot;previous&quot;:&quot;previous&quot;,&quot;start_slideshow&quot;:&quot;start slideshow&quot;,&quot;stop_slideshow&quot;:&quot;stop slideshow&quot;,&quot;image&quot;:&quot;image&quot;,&quot;of&quot;:&quot;of&quot;,&quot;prev&quot;:&quot;prev&quot;,&quot;cExpand&quot;:&quot;Expand&quot;,&quot;cPrevious&quot;:&quot;Previous&quot;,&quot;cNext&quot;:&quot;Next&quot;,&quot;cExpandStr&quot;:&quot;Expand the image&quot;,&quot;cRotate&quot;:&quot;Rotate&quot;,&quot;cDetails&quot;:&quot;Details&quot;}\" data-popup-slideshow=\"false\" data-popup-slideshow-speed=\"2500\" data-popup-hoverstop=\"false\" data-popup-slideshow-auto=\"false\" data-popup-background=\"\" data-popup-transparency=\"30\" data-popup-disable-history=\"\" data-popup-disable-changed-url=\"\" data-popup-border-type=\"\" data-popup-border-color=\"\" data-popup-border-width=\"\" data-popup-border-enable=\"\" data-fullscreen=\"false\" data-hide-tooltip=\"false\" data-caption-font-family=\"Default\" data-caption-text-size=\"140\" data-is-mobile=\"0\" data-caption-mobile=\"false\" data-hide-long-tltp-title=\"0\" data-caption-disabled-on-mobile=\"false\" data-popup-placement-type=\"0\" data-social-sharing=\"{&quot;enabled&quot;:&quot;&quot;,&quot;gallerySharing&quot;:{&quot;enabled&quot;:null,&quot;position&quot;:null},&quot;imageSharing&quot;:{&quot;enabled&quot;:null,&quot;wrapperClass&quot;:&quot; vertical &quot;},&quot;popupSharing&quot;:{&quot;enabled&quot;:null,&quot;wrapperClass&quot;:&quot; vertical &quot;}}\" class=\"grid-gallery grid-gallery-fixed \" style=\" width:100%; height:auto; margin-left:auto; margin-right:auto;position:relative;\"> <div class=\"gallery-loading\"> <div class=\"blocks\"> <div class=\"block\"><\/div> <div class=\"block\"><\/div> <div class=\"block\"><\/div> <div class=\"block\"><\/div> <\/div> <\/div> <div class=\"gallery-sharing-top\" style=\"display:none;\"> <\/div> <div id=\"photos-28\" class=\"grid-gallery-photos\"><FIGURE class=\"grid-gallery-caption\" data-grid-gallery-type=\"quarter-two-step\" data-index=\"0\" style=\"display:none;border-radius:200;; margin:2.65px; height:2150; width:auto;\" ><div class=\"crop\" style=\"\"><img decoding=\"async\" src=\"http:\/\/americanhairlessterrier.eu.sk\/wp-content\/uploads\/2017\/01\/a-buddy-bob-nitra-161x215.jpg\" class=\"ggImg ggNotInitImg\" alt=\"a buddy bob nitra\" title=\"a buddy bob nitra\" data-description=\"a buddy bob nitra\" data-caption=\"a buddy bob nitra\" data-title=\"a buddy bob nitra\" style=\" height:215px; width:auto;\" \/><\/div><FIGCAPTION class=\"\" data-alpha=\"5\" style=\"color:#ffffff; background-color:#000000; font-size:140; text-align:left; font-family:Default;\" ><div class=\"grid-gallery-figcaption-wrap\" style=\"\"><\/div><\/FIGCAPTION><\/FIGURE><FIGURE class=\"grid-gallery-caption\" data-grid-gallery-type=\"quarter-two-step\" data-index=\"1\" style=\"display:none;border-radius:200;; margin:2.65px; height:2150; width:auto;\" ><div class=\"crop\" style=\"\"><img decoding=\"async\" src=\"http:\/\/americanhairlessterrier.eu.sk\/wp-content\/uploads\/2017\/01\/a-hanacka-vystava-brno-287x215.jpg\" class=\"ggImg ggNotInitImg\" alt=\"a hanacka vystava brno\" title=\"a hanacka vystava brno\" data-description=\"a hanacka vystava brno\" data-caption=\"a hanacka vystava brno\" data-title=\"a hanacka vystava brno\" style=\" height:215px; width:auto;\" \/><\/div><FIGCAPTION class=\"\" data-alpha=\"5\" style=\"color:#ffffff; background-color:#000000; font-size:140; text-align:left; font-family:Default;\" ><div class=\"grid-gallery-figcaption-wrap\" style=\"\"><\/div><\/FIGCAPTION><\/FIGURE><FIGURE class=\"grid-gallery-caption\" data-grid-gallery-type=\"quarter-two-step\" data-index=\"2\" style=\"display:none;border-radius:200;; margin:2.65px; height:2150; width:auto;\" ><div class=\"crop\" style=\"\"><img decoding=\"async\" src=\"http:\/\/americanhairlessterrier.eu.sk\/wp-content\/uploads\/2017\/01\/a-nitra-vystava-287x215.jpg\" class=\"ggImg ggNotInitImg\" alt=\"a nitra vystava\" title=\"a nitra vystava\" data-description=\"a nitra vystava\" data-caption=\"a nitra vystava\" data-title=\"a nitra vystava\" style=\" height:215px; width:auto;\" \/><\/div><FIGCAPTION class=\"\" data-alpha=\"5\" style=\"color:#ffffff; background-color:#000000; font-size:140; text-align:left; font-family:Default;\" ><div class=\"grid-gallery-figcaption-wrap\" style=\"\"><\/div><\/FIGCAPTION><\/FIGURE><FIGURE class=\"grid-gallery-caption\" data-grid-gallery-type=\"quarter-two-step\" data-index=\"3\" style=\"display:none;border-radius:200;; margin:2.65px; height:2150; width:auto;\" ><div class=\"crop\" style=\"\"><img decoding=\"async\" src=\"http:\/\/americanhairlessterrier.eu.sk\/wp-content\/uploads\/2017\/01\/a-nitra-vystava2-287x215.jpg\" class=\"ggImg ggNotInitImg\" alt=\"a nitra vystava2\" title=\"a nitra vystava2\" data-description=\"a nitra vystava2\" data-caption=\"a nitra vystava2\" data-title=\"a nitra vystava2\" style=\" height:215px; width:auto;\" \/><\/div><FIGCAPTION class=\"\" data-alpha=\"5\" style=\"color:#ffffff; background-color:#000000; font-size:140; text-align:left; font-family:Default;\" ><div class=\"grid-gallery-figcaption-wrap\" style=\"\"><\/div><\/FIGCAPTION><\/FIGURE><FIGURE class=\"grid-gallery-caption\" data-grid-gallery-type=\"quarter-two-step\" data-index=\"4\" style=\"display:none;border-radius:200;; margin:2.65px; height:2150; width:auto;\" ><div class=\"crop\" style=\"\"><img decoding=\"async\" src=\"http:\/\/americanhairlessterrier.eu.sk\/wp-content\/uploads\/2017\/01\/a-nitra-vystava3-287x215.jpg\" class=\"ggImg ggNotInitImg\" alt=\"a nitra vystava3\" title=\"a nitra vystava3\" data-description=\"a nitra vystava3\" data-caption=\"a nitra vystava3\" data-title=\"a nitra vystava3\" style=\" height:215px; width:auto;\" \/><\/div><FIGCAPTION class=\"\" data-alpha=\"5\" style=\"color:#ffffff; background-color:#000000; font-size:140; text-align:left; font-family:Default;\" ><div class=\"grid-gallery-figcaption-wrap\" style=\"\"><\/div><\/FIGCAPTION><\/FIGURE><FIGURE class=\"grid-gallery-caption\" data-grid-gallery-type=\"quarter-two-step\" data-index=\"5\" style=\"display:none;border-radius:200;; margin:2.65px; height:2150; width:auto;\" ><div class=\"crop\" style=\"\"><img decoding=\"async\" src=\"http:\/\/americanhairlessterrier.eu.sk\/wp-content\/uploads\/2017\/01\/a-nitra-vystava4-322x215.jpg\" class=\"ggImg ggNotInitImg\" alt=\"a nitra vystava4\" title=\"a nitra vystava4\" data-description=\"a nitra vystava4\" data-caption=\"a nitra vystava4\" data-title=\"a nitra vystava4\" style=\" height:215px; width:auto;\" \/><\/div><FIGCAPTION class=\"\" data-alpha=\"5\" style=\"color:#ffffff; background-color:#000000; font-size:140; text-align:left; font-family:Default;\" ><div class=\"grid-gallery-figcaption-wrap\" style=\"\"><\/div><\/FIGCAPTION><\/FIGURE><FIGURE class=\"grid-gallery-caption\" data-grid-gallery-type=\"quarter-two-step\" data-index=\"6\" style=\"display:none;border-radius:200;; margin:2.65px; height:2150; width:auto;\" ><div class=\"crop\" style=\"\"><img decoding=\"async\" src=\"http:\/\/americanhairlessterrier.eu.sk\/wp-content\/uploads\/2017\/01\/a-nitra-vystava5-322x215.jpg\" class=\"ggImg ggNotInitImg\" alt=\"a nitra vystava5\" title=\"a nitra vystava5\" data-description=\"a nitra vystava5\" data-caption=\"a nitra vystava5\" data-title=\"a nitra vystava5\" style=\" height:215px; width:auto;\" \/><\/div><FIGCAPTION class=\"\" data-alpha=\"5\" style=\"color:#ffffff; background-color:#000000; font-size:140; text-align:left; font-family:Default;\" ><div class=\"grid-gallery-figcaption-wrap\" style=\"\"><\/div><\/FIGCAPTION><\/FIGURE><FIGURE class=\"grid-gallery-caption\" data-grid-gallery-type=\"quarter-two-step\" data-index=\"7\" style=\"display:none;border-radius:200;; margin:2.65px; height:2150; width:auto;\" ><div class=\"crop\" style=\"\"><img decoding=\"async\" src=\"http:\/\/americanhairlessterrier.eu.sk\/wp-content\/uploads\/2017\/01\/a-nitra-vystava6-322x215.jpg\" class=\"ggImg ggNotInitImg\" alt=\"a nitra vystava6\" title=\"a nitra vystava6\" data-description=\"a nitra vystava6\" data-caption=\"a nitra vystava6\" data-title=\"a nitra vystava6\" style=\" height:215px; width:auto;\" \/><\/div><FIGCAPTION class=\"\" data-alpha=\"5\" style=\"color:#ffffff; background-color:#000000; font-size:140; text-align:left; font-family:Default;\" ><div class=\"grid-gallery-figcaption-wrap\" style=\"\"><\/div><\/FIGCAPTION><\/FIGURE><FIGURE class=\"grid-gallery-caption\" data-grid-gallery-type=\"quarter-two-step\" data-index=\"8\" style=\"display:none;border-radius:200;; margin:2.65px; height:2150; width:auto;\" ><div class=\"crop\" style=\"\"><img decoding=\"async\" src=\"http:\/\/americanhairlessterrier.eu.sk\/wp-content\/uploads\/2017\/01\/a-nitra-vystava7-152x215.jpg\" class=\"ggImg ggNotInitImg\" alt=\"a nitra vystava7\" title=\"a nitra vystava7\" data-description=\"a nitra vystava7\" data-caption=\"a nitra vystava7\" data-title=\"a nitra vystava7\" style=\" height:215px; width:auto;\" \/><\/div><FIGCAPTION class=\"\" data-alpha=\"5\" style=\"color:#ffffff; background-color:#000000; font-size:140; text-align:left; font-family:Default;\" ><div class=\"grid-gallery-figcaption-wrap\" style=\"\"><\/div><\/FIGCAPTION><\/FIGURE><FIGURE class=\"grid-gallery-caption\" data-grid-gallery-type=\"quarter-two-step\" data-index=\"9\" style=\"display:none;border-radius:200;; margin:2.65px; height:2150; width:auto;\" ><div class=\"crop\" style=\"\"><img decoding=\"async\" src=\"http:\/\/americanhairlessterrier.eu.sk\/wp-content\/uploads\/2017\/01\/brno-7-1-2017-1-287x215.jpg\" class=\"ggImg ggNotInitImg\" alt=\"brno 7 1 2017\" title=\"brno 7 1 2017\" data-description=\"brno 7 1 2017\" data-caption=\"brno 7 1 2017\" data-title=\"brno 7 1 2017\" style=\" height:215px; width:auto;\" \/><\/div><FIGCAPTION class=\"\" data-alpha=\"5\" style=\"color:#ffffff; background-color:#000000; font-size:140; text-align:left; font-family:Default;\" ><div class=\"grid-gallery-figcaption-wrap\" style=\"\"><\/div><\/FIGCAPTION><\/FIGURE><FIGURE class=\"grid-gallery-caption\" data-grid-gallery-type=\"quarter-two-step\" data-index=\"10\" style=\"display:none;border-radius:200;; margin:2.65px; height:2150; width:auto;\" ><div class=\"crop\" style=\"\"><img decoding=\"async\" src=\"http:\/\/americanhairlessterrier.eu.sk\/wp-content\/uploads\/2017\/01\/DSC_0590-323x215.jpg\" class=\"ggImg ggNotInitImg\" alt=\"DSC_0590\" title=\"DSC_0590\" data-description=\"DSC_0590\" data-caption=\"DSC_0590\" data-title=\"DSC_0590\" style=\" height:215px; width:auto;\" \/><\/div><FIGCAPTION class=\"\" data-alpha=\"5\" style=\"color:#ffffff; background-color:#000000; font-size:140; text-align:left; font-family:Default;\" ><div class=\"grid-gallery-figcaption-wrap\" style=\"\"><\/div><\/FIGCAPTION><\/FIGURE><FIGURE class=\"grid-gallery-caption\" data-grid-gallery-type=\"quarter-two-step\" data-index=\"11\" style=\"display:none;border-radius:200;; margin:2.65px; height:2150; width:auto;\" ><div class=\"crop\" style=\"\"><img decoding=\"async\" src=\"http:\/\/americanhairlessterrier.eu.sk\/wp-content\/uploads\/2017\/01\/DSC_0555-323x215.jpg\" class=\"ggImg ggNotInitImg\" alt=\"DSC_0555\" title=\"DSC_0555\" data-description=\"DSC_0555\" data-caption=\"DSC_0555\" data-title=\"DSC_0555\" style=\" height:215px; width:auto;\" \/><\/div><FIGCAPTION class=\"\" data-alpha=\"5\" style=\"color:#ffffff; background-color:#000000; font-size:140; text-align:left; font-family:Default;\" ><div class=\"grid-gallery-figcaption-wrap\" style=\"\"><\/div><\/FIGCAPTION><\/FIGURE><FIGURE class=\"grid-gallery-caption\" data-grid-gallery-type=\"quarter-two-step\" data-index=\"12\" style=\"display:none;border-radius:200;; margin:2.65px; height:2150; width:auto;\" ><div class=\"crop\" style=\"\"><img decoding=\"async\" src=\"http:\/\/americanhairlessterrier.eu.sk\/wp-content\/uploads\/2017\/01\/DSC_0471-323x215.jpg\" class=\"ggImg ggNotInitImg\" alt=\"DSC_0471\" title=\"DSC_0471\" data-description=\"DSC_0471\" data-caption=\"DSC_0471\" data-title=\"DSC_0471\" style=\" height:215px; width:auto;\" \/><\/div><FIGCAPTION class=\"\" data-alpha=\"5\" style=\"color:#ffffff; background-color:#000000; font-size:140; text-align:left; font-family:Default;\" ><div class=\"grid-gallery-figcaption-wrap\" style=\"\"><\/div><\/FIGCAPTION><\/FIGURE> <div class=\"grid-gallery-clearfix\"><\/div> <\/div> <div class=\"gallery-sharing-bottom\" style=\"display:none;\"> <\/div> <div class=\"gallery-sharing-image\" style=\"display:none;\"> <\/div> <div class=\"gallery-sharing-popup\" style=\"display:none;\"> <\/div> <div class=\"grid-gallery-clearfix\"><\/div> <\/div> <!-- Gallery by Supsystic plugin1.15.33 --><a title=\"WordPress Image Gallery Plugin\" style=\"display:none;\" href=\"https:\/\/supsystic.com\/plugins\/photo-gallery\/?utm_medium=love_link\" target=\"_blank\">WordPress Image Gallery Plugin<\/a>\n","protected":false},"excerpt":{"rendered":"<p>7. janu\u00e1ra 2017Han\u00e1cka n\u00e1rodn\u00ed v\u00fdstava ps\u00fa Imany von Santner &#8211; VN1 Silverado \u00b4s Havoc &#8211; V1, CAC, \u00b4PR\u00b4Bellridge Belvue &#8211; V1, CAC, BOS Fantasy von Santner &#8211; V1, CAJC, BOJ Winter show<a class=\"moretag\" href=\"http:\/\/www.americanhairlessterrier.eu.sk\/?page_id=140\">Read More&#8230;<\/a><\/p>\n","protected":false},"author":1,"featured_media":0,"parent":0,"menu_order":32,"comment_status":"closed","ping_status":"closed","template":"","meta":{"footnotes":""},"class_list":["post-140","page","type-page","status-publish","hentry"],"aioseo_notices":[],"_links":{"self":[{"href":"http:\/\/www.americanhairlessterrier.eu.sk\/index.php?rest_route=\/wp\/v2\/pages\/140","targetHints":{"allow":["GET"]}}],"collection":[{"href":"http:\/\/www.americanhairlessterrier.eu.sk\/index.php?rest_route=\/wp\/v2\/pages"}],"about":[{"href":"http:\/\/www.americanhairlessterrier.eu.sk\/index.php?rest_route=\/wp\/v2\/types\/page"}],"author":[{"embeddable":true,"href":"http:\/\/www.americanhairlessterrier.eu.sk\/index.php?rest_route=\/wp\/v2\/users\/1"}],"replies":[{"embeddable":true,"href":"http:\/\/www.americanhairlessterrier.eu.sk\/index.php?rest_route=%2Fwp%2Fv2%2Fcomments&post=140"}],"version-history":[{"count":6,"href":"http:\/\/www.americanhairlessterrier.eu.sk\/index.php?rest_route=\/wp\/v2\/pages\/140\/revisions"}],"predecessor-version":[{"id":1143,"href":"http:\/\/www.americanhairlessterrier.eu.sk\/index.php?rest_route=\/wp\/v2\/pages\/140\/revisions\/1143"}],"wp:attachment":[{"href":"http:\/\/www.americanhairlessterrier.eu.sk\/index.php?rest_route=%2Fwp%2Fv2%2Fmedia&parent=140"}],"curies":[{"name":"wp","href":"https:\/\/api.w.org\/{rel}","templated":true}]}}