{"id":280,"date":"2017-01-09T18:07:25","date_gmt":"2017-01-09T17:07:25","guid":{"rendered":"http:\/\/americanhairlessterrier.eu.sk\/?page_id=280"},"modified":"2017-01-29T19:07:57","modified_gmt":"2017-01-29T18:07:57","slug":"bellridge-addie-alias-edy","status":"publish","type":"page","link":"http:\/\/www.americanhairlessterrier.eu.sk\/?page_id=280","title":{"rendered":"Bellridge Addie alias Edy"},"content":{"rendered":"<div id=\"grid-gallery-3-14698\" data-gg-id=\"3\" data-title=\"Bellridge Addie alias Edy\" data-grid-type=\"2\" data-offset=\"5.3\" data-area-position=\"center\" data-icons=\"\" data-preloader=\"true\" data-width=\"auto\" data-height=\"215\" data-padding=\"0\" data-quicksand=\"disabled\" data-quicksand-duration=\"none\" data-popup-theme=\"theme_6\" data-popup-type=\"pretty-photo\" data-popup-image-text=\"data-description\" data-popup-widthsize=\"auto\" data-popup-heightsize=\"auto\" data-popup-i18n-words=\"{&quot;close&quot;:&quot;close&quot;,&quot;next&quot;:&quot;next&quot;,&quot;previous&quot;:&quot;previous&quot;,&quot;start_slideshow&quot;:&quot;start slideshow&quot;,&quot;stop_slideshow&quot;:&quot;stop slideshow&quot;,&quot;image&quot;:&quot;image&quot;,&quot;of&quot;:&quot;of&quot;,&quot;prev&quot;:&quot;prev&quot;,&quot;cExpand&quot;:&quot;Expand&quot;,&quot;cPrevious&quot;:&quot;Previous&quot;,&quot;cNext&quot;:&quot;Next&quot;,&quot;cExpandStr&quot;:&quot;Expand the image&quot;,&quot;cRotate&quot;:&quot;Rotate&quot;,&quot;cDetails&quot;:&quot;Details&quot;}\" data-popup-slideshow=\"false\" data-popup-slideshow-speed=\"2500\" data-popup-hoverstop=\"false\" data-popup-slideshow-auto=\"false\" data-popup-background=\"\" data-popup-transparency=\"30\" data-popup-disable-history=\"\" data-popup-disable-changed-url=\"\" data-popup-border-type=\"\" data-popup-border-color=\"\" data-popup-border-width=\"\" data-popup-border-enable=\"\" data-fullscreen=\"false\" data-hide-tooltip=\"false\" data-caption-font-family=\"Default\" data-caption-text-size=\"140\" data-is-mobile=\"0\" data-caption-mobile=\"false\" data-hide-long-tltp-title=\"0\" data-caption-disabled-on-mobile=\"false\" data-popup-placement-type=\"0\" data-social-sharing=\"{&quot;enabled&quot;:&quot;&quot;,&quot;gallerySharing&quot;:{&quot;enabled&quot;:null,&quot;position&quot;:null},&quot;imageSharing&quot;:{&quot;enabled&quot;:null,&quot;wrapperClass&quot;:&quot; vertical &quot;},&quot;popupSharing&quot;:{&quot;enabled&quot;:null,&quot;wrapperClass&quot;:&quot; vertical &quot;}}\" class=\"grid-gallery grid-gallery-fixed \" style=\" width:100%; height:auto; margin-left:auto; margin-right:auto;position:relative;\"> <div class=\"gallery-loading\"> <div class=\"blocks\"> <div class=\"block\"><\/div> <div class=\"block\"><\/div> <div class=\"block\"><\/div> <div class=\"block\"><\/div> <\/div> <\/div> <div class=\"gallery-sharing-top\" style=\"display:none;\"> <\/div> <div id=\"photos-3\" class=\"grid-gallery-photos\"><FIGURE class=\"grid-gallery-caption\" data-grid-gallery-type=\"quarter-two-step\" data-index=\"0\" style=\"display:none;border-radius:200;; margin:2.65px; height:2150; width:auto;\" ><div class=\"crop\" style=\"\"><img decoding=\"async\" src=\"http:\/\/americanhairlessterrier.eu.sk\/wp-content\/uploads\/2017\/01\/004-156x215.jpg\" class=\"ggImg ggNotInitImg\" alt=\"004\" title=\"004\" data-description=\"004\" data-caption=\"004\" data-title=\"004\" style=\" height:215px; width:auto;\" \/><\/div><FIGCAPTION class=\"\" data-alpha=\"5\" style=\"color:#ffffff; background-color:#000000; font-size:140; text-align:left; font-family:Default;\" ><div class=\"grid-gallery-figcaption-wrap\" style=\"\"><\/div><\/FIGCAPTION><\/FIGURE><FIGURE class=\"grid-gallery-caption\" data-grid-gallery-type=\"quarter-two-step\" data-index=\"1\" style=\"display:none;border-radius:200;; margin:2.65px; height:2150; width:auto;\" ><div class=\"crop\" style=\"\"><img decoding=\"async\" src=\"http:\/\/americanhairlessterrier.eu.sk\/wp-content\/uploads\/2017\/01\/Addie-pedigree-3-153x215.jpg\" class=\"ggImg ggNotInitImg\" alt=\"Addie pedigree (3)\" title=\"Addie pedigree (3)\" data-description=\"Addie pedigree (3)\" data-caption=\"Addie pedigree (3)\" data-title=\"Addie pedigree (3)\" style=\" height:215px; width:auto;\" \/><\/div><FIGCAPTION class=\"\" data-alpha=\"5\" style=\"color:#ffffff; background-color:#000000; font-size:140; text-align:left; font-family:Default;\" ><div class=\"grid-gallery-figcaption-wrap\" style=\"\"><\/div><\/FIGCAPTION><\/FIGURE><FIGURE class=\"grid-gallery-caption\" data-grid-gallery-type=\"quarter-two-step\" data-index=\"2\" style=\"display:none;border-radius:200;; margin:2.65px; height:2150; width:auto;\" ><div class=\"crop\" style=\"\"><img decoding=\"async\" src=\"http:\/\/americanhairlessterrier.eu.sk\/wp-content\/uploads\/2017\/01\/Addie-pedigree-1-155x215.jpg\" class=\"ggImg ggNotInitImg\" alt=\"Addie pedigree (1)\" title=\"Addie pedigree (1)\" data-description=\"Addie pedigree (1)\" data-caption=\"Addie pedigree (1)\" data-title=\"Addie pedigree (1)\" style=\" height:215px; width:auto;\" \/><\/div><FIGCAPTION class=\"\" data-alpha=\"5\" style=\"color:#ffffff; background-color:#000000; font-size:140; text-align:left; font-family:Default;\" ><div class=\"grid-gallery-figcaption-wrap\" style=\"\"><\/div><\/FIGCAPTION><\/FIGURE><FIGURE class=\"grid-gallery-caption\" data-grid-gallery-type=\"quarter-two-step\" data-index=\"3\" style=\"display:none;border-radius:200;; margin:2.65px; height:2150; width:auto;\" ><div class=\"crop\" style=\"\"><img decoding=\"async\" src=\"http:\/\/americanhairlessterrier.eu.sk\/wp-content\/uploads\/2017\/01\/Addie-pedigree-2-152x215.jpg\" class=\"ggImg ggNotInitImg\" alt=\"Addie pedigree (2)\" title=\"Addie pedigree (2)\" data-description=\"Addie pedigree (2)\" data-caption=\"Addie pedigree (2)\" data-title=\"Addie pedigree (2)\" style=\" height:215px; width:auto;\" \/><\/div><FIGCAPTION class=\"\" data-alpha=\"5\" style=\"color:#ffffff; background-color:#000000; font-size:140; text-align:left; font-family:Default;\" ><div class=\"grid-gallery-figcaption-wrap\" style=\"\"><\/div><\/FIGCAPTION><\/FIGURE><FIGURE class=\"grid-gallery-caption\" data-grid-gallery-type=\"quarter-two-step\" data-index=\"4\" style=\"display:none;border-radius:200;; margin:2.65px; height:2150; width:auto;\" ><div class=\"crop\" style=\"\"><img decoding=\"async\" src=\"http:\/\/americanhairlessterrier.eu.sk\/wp-content\/uploads\/2017\/01\/Addie-CH-SR-e1484246696329-296x215.jpg\" class=\"ggImg ggNotInitImg\" alt=\"Addie CH SR\" title=\"Addie CH SR\" data-description=\"Addie CH SR\" data-caption=\"Addie CH SR\" data-title=\"Addie CH SR\" style=\" height:215px; width:auto;\" \/><\/div><FIGCAPTION class=\"\" data-alpha=\"5\" style=\"color:#ffffff; background-color:#000000; font-size:140; text-align:left; font-family:Default;\" ><div class=\"grid-gallery-figcaption-wrap\" style=\"\"><\/div><\/FIGCAPTION><\/FIGURE><FIGURE class=\"grid-gallery-caption\" data-grid-gallery-type=\"quarter-two-step\" data-index=\"5\" style=\"display:none;border-radius:200;; margin:2.65px; height:2150; width:auto;\" ><div class=\"crop\" style=\"\"><img decoding=\"async\" src=\"http:\/\/americanhairlessterrier.eu.sk\/wp-content\/uploads\/2017\/01\/Ch-BiH-Addie-1-296x215.jpg\" class=\"ggImg ggNotInitImg\" alt=\"Ch BiH Addie (1)\" title=\"Ch BiH Addie (1)\" data-description=\"Ch BiH Addie (1)\" data-caption=\"Ch BiH Addie (1)\" data-title=\"Ch BiH Addie (1)\" style=\" height:215px; width:auto;\" \/><\/div><FIGCAPTION class=\"\" data-alpha=\"5\" style=\"color:#ffffff; background-color:#000000; font-size:140; text-align:left; font-family:Default;\" ><div class=\"grid-gallery-figcaption-wrap\" style=\"\"><\/div><\/FIGCAPTION><\/FIGURE><FIGURE class=\"grid-gallery-caption\" data-grid-gallery-type=\"quarter-two-step\" data-index=\"6\" style=\"display:none;border-radius:200;; margin:2.65px; height:2150; width:auto;\" ><div class=\"crop\" style=\"\"><img decoding=\"async\" src=\"http:\/\/americanhairlessterrier.eu.sk\/wp-content\/uploads\/2017\/01\/Ch-BiH-Addie-2-156x215.jpg\" class=\"ggImg ggNotInitImg\" alt=\"Ch BiH Addie (2)\" title=\"Ch BiH Addie (2)\" data-description=\"Ch BiH Addie (2)\" data-caption=\"Ch BiH Addie (2)\" data-title=\"Ch BiH Addie (2)\" style=\" height:215px; width:auto;\" \/><\/div><FIGCAPTION class=\"\" data-alpha=\"5\" style=\"color:#ffffff; background-color:#000000; font-size:140; text-align:left; font-family:Default;\" ><div class=\"grid-gallery-figcaption-wrap\" style=\"\"><\/div><\/FIGCAPTION><\/FIGURE><FIGURE class=\"grid-gallery-caption\" data-grid-gallery-type=\"quarter-two-step\" data-index=\"7\" style=\"display:none;border-radius:200;; margin:2.65px; height:2150; width:auto;\" ><div class=\"crop\" style=\"\"><img decoding=\"async\" src=\"http:\/\/americanhairlessterrier.eu.sk\/wp-content\/uploads\/2017\/01\/CH-Srbsko-Addie-1-156x215.jpg\" class=\"ggImg ggNotInitImg\" alt=\"CH Srbsko Addie (1)\" title=\"CH Srbsko Addie (1)\" data-description=\"CH Srbsko Addie (1)\" data-caption=\"CH Srbsko Addie (1)\" data-title=\"CH Srbsko Addie (1)\" style=\" height:215px; width:auto;\" \/><\/div><FIGCAPTION class=\"\" data-alpha=\"5\" style=\"color:#ffffff; background-color:#000000; font-size:140; text-align:left; font-family:Default;\" ><div class=\"grid-gallery-figcaption-wrap\" style=\"\"><\/div><\/FIGCAPTION><\/FIGURE><FIGURE class=\"grid-gallery-caption\" data-grid-gallery-type=\"quarter-two-step\" data-index=\"8\" style=\"display:none;border-radius:200;; margin:2.65px; height:2150; width:auto;\" ><div class=\"crop\" style=\"\"><img decoding=\"async\" src=\"http:\/\/americanhairlessterrier.eu.sk\/wp-content\/uploads\/2017\/01\/CH-Srbsko-Addie-2-296x215.jpg\" class=\"ggImg ggNotInitImg\" alt=\"CH Srbsko Addie (2)\" title=\"CH Srbsko Addie (2)\" data-description=\"CH Srbsko Addie (2)\" data-caption=\"CH Srbsko Addie (2)\" data-title=\"CH Srbsko Addie (2)\" style=\" height:215px; width:auto;\" \/><\/div><FIGCAPTION class=\"\" data-alpha=\"5\" style=\"color:#ffffff; background-color:#000000; font-size:140; text-align:left; font-family:Default;\" ><div class=\"grid-gallery-figcaption-wrap\" style=\"\"><\/div><\/FIGCAPTION><\/FIGURE><FIGURE class=\"grid-gallery-caption\" data-grid-gallery-type=\"quarter-two-step\" data-index=\"9\" style=\"display:none;border-radius:200;; margin:2.65px; height:2150; width:auto;\" ><div class=\"crop\" style=\"\"><img decoding=\"async\" src=\"http:\/\/americanhairlessterrier.eu.sk\/wp-content\/uploads\/2017\/01\/DSCF2392-337x215.jpg\" class=\"ggImg ggNotInitImg\" alt=\"DSCF2392\" title=\"DSCF2392\" data-description=\"DSCF2392\" data-caption=\"DSCF2392\" data-title=\"DSCF2392\" style=\" height:215px; width:auto;\" \/><\/div><FIGCAPTION class=\"\" data-alpha=\"5\" style=\"color:#ffffff; background-color:#000000; font-size:140; text-align:left; font-family:Default;\" ><div class=\"grid-gallery-figcaption-wrap\" style=\"\"><\/div><\/FIGCAPTION><\/FIGURE><FIGURE class=\"grid-gallery-caption\" data-grid-gallery-type=\"quarter-two-step\" data-index=\"10\" style=\"display:none;border-radius:200;; margin:2.65px; height:2150; width:auto;\" ><div class=\"crop\" style=\"\"><img decoding=\"async\" src=\"http:\/\/americanhairlessterrier.eu.sk\/wp-content\/uploads\/2017\/01\/DSC_0012-324x215.jpg\" class=\"ggImg ggNotInitImg\" alt=\"DSC_0012\" title=\"DSC_0012\" data-description=\"DSC_0012\" data-caption=\"DSC_0012\" data-title=\"DSC_0012\" style=\" height:215px; width:auto;\" \/><\/div><FIGCAPTION class=\"\" data-alpha=\"5\" style=\"color:#ffffff; background-color:#000000; font-size:140; text-align:left; font-family:Default;\" ><div class=\"grid-gallery-figcaption-wrap\" style=\"\"><\/div><\/FIGCAPTION><\/FIGURE><FIGURE class=\"grid-gallery-caption\" data-grid-gallery-type=\"quarter-two-step\" data-index=\"11\" style=\"display:none;border-radius:200;; margin:2.65px; height:2150; width:auto;\" ><div class=\"crop\" style=\"\"><img decoding=\"async\" src=\"http:\/\/americanhairlessterrier.eu.sk\/wp-content\/uploads\/2017\/01\/DSC_1289-172x215.jpg\" class=\"ggImg ggNotInitImg\" alt=\"DSC_1289\" title=\"DSC_1289\" data-description=\"DSC_1289\" data-caption=\"DSC_1289\" data-title=\"DSC_1289\" style=\" height:215px; width:auto;\" \/><\/div><FIGCAPTION class=\"\" data-alpha=\"5\" style=\"color:#ffffff; background-color:#000000; font-size:140; text-align:left; font-family:Default;\" ><div class=\"grid-gallery-figcaption-wrap\" style=\"\"><\/div><\/FIGCAPTION><\/FIGURE><FIGURE class=\"grid-gallery-caption\" data-grid-gallery-type=\"quarter-two-step\" data-index=\"12\" style=\"display:none;border-radius:200;; margin:2.65px; height:2150; width:auto;\" ><div class=\"crop\" style=\"\"><img decoding=\"async\" src=\"http:\/\/americanhairlessterrier.eu.sk\/wp-content\/uploads\/2017\/01\/IMG_0491-285x215.jpg\" class=\"ggImg ggNotInitImg\" alt=\"IMG_0491\" title=\"IMG_0491\" data-description=\"IMG_0491\" data-caption=\"IMG_0491\" data-title=\"IMG_0491\" style=\" height:215px; width:auto;\" \/><\/div><FIGCAPTION class=\"\" data-alpha=\"5\" style=\"color:#ffffff; background-color:#000000; font-size:140; text-align:left; font-family:Default;\" ><div class=\"grid-gallery-figcaption-wrap\" style=\"\"><\/div><\/FIGCAPTION><\/FIGURE><FIGURE class=\"grid-gallery-caption\" data-grid-gallery-type=\"quarter-two-step\" data-index=\"13\" style=\"display:none;border-radius:200;; margin:2.65px; height:2150; width:auto;\" ><div class=\"crop\" style=\"\"><img decoding=\"async\" src=\"http:\/\/americanhairlessterrier.eu.sk\/wp-content\/uploads\/2017\/01\/14100488_10206656386718743_7953782481658064991_n-287x215.jpg\" class=\"ggImg ggNotInitImg\" alt=\"14100488_10206656386718743_7953782481658064991_n\" title=\"14100488_10206656386718743_7953782481658064991_n\" data-description=\"14100488_10206656386718743_7953782481658064991_n\" data-caption=\"14100488_10206656386718743_7953782481658064991_n\" data-title=\"14100488_10206656386718743_7953782481658064991_n\" style=\" height:215px; width:auto;\" \/><\/div><FIGCAPTION class=\"\" data-alpha=\"5\" style=\"color:#ffffff; background-color:#000000; font-size:140; text-align:left; font-family:Default;\" ><div class=\"grid-gallery-figcaption-wrap\" style=\"\"><\/div><\/FIGCAPTION><\/FIGURE><FIGURE class=\"grid-gallery-caption\" data-grid-gallery-type=\"quarter-two-step\" data-index=\"14\" style=\"display:none;border-radius:200;; margin:2.65px; height:2150; width:auto;\" ><div class=\"crop\" style=\"\"><img decoding=\"async\" src=\"http:\/\/americanhairlessterrier.eu.sk\/wp-content\/uploads\/2017\/01\/IMG_27831.jpg\" class=\"ggImg ggNotInitImg\" alt=\"IMG_2783[1]\" title=\"IMG_2783[1]\" data-description=\"IMG_2783[1]\" data-caption=\"IMG_2783[1]\" data-title=\"IMG_2783[1]\" style=\" height:215px; width:auto;\" \/><\/div><FIGCAPTION class=\"\" data-alpha=\"5\" style=\"color:#ffffff; background-color:#000000; font-size:140; text-align:left; font-family:Default;\" ><div class=\"grid-gallery-figcaption-wrap\" style=\"\"><\/div><\/FIGCAPTION><\/FIGURE> <div class=\"grid-gallery-clearfix\"><\/div> <\/div> <div class=\"gallery-sharing-bottom\" style=\"display:none;\"> <\/div> <div class=\"gallery-sharing-image\" style=\"display:none;\"> <\/div> <div class=\"gallery-sharing-popup\" style=\"display:none;\"> <\/div> <div class=\"grid-gallery-clearfix\"><\/div> <\/div> <!-- Gallery by Supsystic plugin1.15.33 --><a title=\"WordPress Image Gallery Plugin\" style=\"display:none;\" href=\"https:\/\/supsystic.com\/plugins\/photo-gallery\/?utm_medium=love_link\" target=\"_blank\">WordPress Image Gallery Plugin<\/a>\n<p>&nbsp;<\/p>\n<p>BELLRIDGE ADDIA alias EDY<\/p>\n<p>Father: GRCH BELLRIDGE\u00b4S ON THE RIGHT MOVES<br \/>\nMother: GRCH \u00b4PR\u00b4BLUEGKS WILD ANGELS<\/p>\n<p>SLOVAKIA (Slovensko)<br \/>\n1 x CAJC<br \/>\n4 x CAC<br \/>\n2 x CC<br \/>\n1 x BOB<br \/>\nChampion of Slovakia &#8211; Slovensk\u00fd \u0161ampion kr\u00e1sy<\/p>\n<p>REPUBLIKA SRBSKA (Srbsko)<br \/>\n1 x CAC<br \/>\nChampion Republiky Srbske (\u0160ampion Srbska)<\/p>\n<p>BOSNA i HERCEGOVINA (Bosna a Hercegovina)<br \/>\n2 x CAC<br \/>\nChampion Bosny i Hercegoviny (\u0160ampion Bosny a Hercegoviny)<\/p>\n","protected":false},"excerpt":{"rendered":"<p>&nbsp; BELLRIDGE ADDIA alias EDY Father: GRCH BELLRIDGE\u00b4S ON THE RIGHT MOVES Mother: GRCH \u00b4PR\u00b4BLUEGKS WILD ANGELS SLOVAKIA (Slovensko) 1 x CAJC 4 x CAC 2 x CC 1 x BOB Champion<a class=\"moretag\" href=\"http:\/\/www.americanhairlessterrier.eu.sk\/?page_id=280\">Read More&#8230;<\/a><\/p>\n","protected":false},"author":1,"featured_media":0,"parent":0,"menu_order":5,"comment_status":"closed","ping_status":"closed","template":"","meta":{"footnotes":""},"class_list":["post-280","page","type-page","status-publish","hentry"],"aioseo_notices":[],"_links":{"self":[{"href":"http:\/\/www.americanhairlessterrier.eu.sk\/index.php?rest_route=\/wp\/v2\/pages\/280","targetHints":{"allow":["GET"]}}],"collection":[{"href":"http:\/\/www.americanhairlessterrier.eu.sk\/index.php?rest_route=\/wp\/v2\/pages"}],"about":[{"href":"http:\/\/www.americanhairlessterrier.eu.sk\/index.php?rest_route=\/wp\/v2\/types\/page"}],"author":[{"embeddable":true,"href":"http:\/\/www.americanhairlessterrier.eu.sk\/index.php?rest_route=\/wp\/v2\/users\/1"}],"replies":[{"embeddable":true,"href":"http:\/\/www.americanhairlessterrier.eu.sk\/index.php?rest_route=%2Fwp%2Fv2%2Fcomments&post=280"}],"version-history":[{"count":4,"href":"http:\/\/www.americanhairlessterrier.eu.sk\/index.php?rest_route=\/wp\/v2\/pages\/280\/revisions"}],"predecessor-version":[{"id":1188,"href":"http:\/\/www.americanhairlessterrier.eu.sk\/index.php?rest_route=\/wp\/v2\/pages\/280\/revisions\/1188"}],"wp:attachment":[{"href":"http:\/\/www.americanhairlessterrier.eu.sk\/index.php?rest_route=%2Fwp%2Fv2%2Fmedia&parent=280"}],"curies":[{"name":"wp","href":"https:\/\/api.w.org\/{rel}","templated":true}]}}