{"id":8,"date":"2016-12-28T10:55:47","date_gmt":"2016-12-28T09:55:47","guid":{"rendered":"http:\/\/americanhairlessterrier.eu.sk\/?page_id=8"},"modified":"2022-01-12T10:39:22","modified_gmt":"2022-01-12T09:39:22","slug":"o-stranke","status":"publish","type":"page","link":"http:\/\/www.americanhairlessterrier.eu.sk\/?page_id=8","title":{"rendered":"O n\u00e1s"},"content":{"rendered":"<p style=\"text-align: justify;\"><span style=\"font-size: 14pt;\"><strong>\u25ca 2011\u00a0\u25ca<\/strong><\/span><br \/>\n<span style=\"font-size: 12pt;\">V\u00edtam v\u00e1s na str\u00e1nke venovanej americk\u00fdm bezsrst\u00fdm teri\u00e9rom a mojej chovnej stanici Santner \u00b4s kennel.<\/span><br \/>\n<span style=\"font-size: 12pt;\">Moje meno je Mikul\u00e1\u0161 Santner a som dlhodob\u00fdm milovn\u00edkom a chovate\u013eom psov. Medzi moje najob\u013e\u00fabenej\u0161ie plemen\u00e1 patr\u00ed americk\u00fd staford\u0161irsk\u00fd teri\u00e9r, ale \u010d\u00edm \u010falej t\u00fdm viac si ma z\u00edskava plemeno americk\u00fd bezsrst\u00fd teri\u00e9r &#8211; ABT (american hairless terrier &#8211; AHT) a to hlavne svojou povahou. Mus\u00edm sa prizna\u0165, \u017ee do plemena som sa najsk\u00f4r zamiloval po zhliadnut\u00ed jeho fotiek a nevedel som do \u010doho idem, ale mus\u00edm uzna\u0165 \u017ee plemeno je ve\u013emi inteligentn\u00e9 a z\u00edska si \u00faplne ka\u017ed\u00e9ho.<\/span><br \/>\n<span style=\"font-size: 12pt;\">M\u00f4j prv\u00fd AHT, ktor\u00e9ho som po z\u00edskan\u00ed titulu \u0161ampi\u00f3n v USA priviezol z USA na Slovensko je CH Alesta\u00b4s Argonaut, alias Gosha.<\/span><br \/>\n<span style=\"font-size: 12pt;\">Gosha poch\u00e1dza z vynikaj\u00facej krvnej l\u00ednie a spojenia a predkov m\u00e1 championov a grandchampionov USA. Ako prv\u00fd pes ocenen\u00fd titulom champion USA bol v\u00f4bec vyvezen\u00fd mimo USA. Zatia\u013e boli do Eur\u00f3py a Ruska importovan\u00e9 iba \u0161teniatka. Gosha sa v kr\u00e1tkom \u010dase (kv\u00f4li veku) stal junior \u0161ampi\u00f3nom SR. Moja snaha je pokra\u010dova\u0165 vo v\u00fdstav\u00e1ch a z\u00edska\u0165 \u010do najviac ocenen\u00ed a \u0161ampion\u00e1tov. D\u00fafam, ze sa mi to podar\u00ed a \u017ee tie\u017e n\u00e1jdem vhodn\u00fa partnerku, aby t\u00e1to skvel\u00e1 l\u00ednia pokra\u010dovala i v Eur\u00f3pe. Te\u0161\u00edm sa na va\u0161e pripomienky, dotazy a ot\u00e1zky oh\u013eadne mojej webstr\u00e1nky a samozrejme plemena Americk\u00fd bezsrst\u00fd teri\u00e9r.<\/span><\/p>\n<hr \/>\n<p style=\"text-align: justify;\"><span style=\"font-size: 14pt;\"><strong>\u25ca 2013\u00a0\u25ca<\/strong><\/span><br \/>\nT\u00fdmto \u00favodn\u00fdm textom a smel\u00fdmi pl\u00e1nmi som za\u010d\u00ednal chov s moj\u00edm prv\u00fdm ABT Goshom v septembri 2011 po jeho pr\u00edlete z USA. Aj ke\u010f v kr\u00e1tkom \u010dase a zatia\u013e bez vlastn\u00fdch odchovov, u\u017e dnes m\u00f4\u017eem bilancova\u0165 a pochv\u00e1li\u0165 sa ve\u013ek\u00fdm \u00faspechom, ktor\u00fd som ani s\u00e1m ne\u010dakal. Gosha, ako ho v\u0161etci vol\u00e1me, sa stal takzvan\u00fdm Multi\u0161ampi\u00f3nom a ako jedin\u00fd v tomto plemene m\u00e1 pr\u00e1vo aj d\u00f4vod sa takto naz\u00fdva\u0165 (aj ke\u010f nedosiahol hranicu 5 \u0161t\u00e1tov, nako\u013eko toto neuznan\u00e9 plemeno nie je mo\u017en\u00e9 v ka\u017edom \u0161t\u00e1te a klube vystavova\u0165. Na\u0161e podmienky s\u00fa v tomto sk\u00f4r obmedzen\u00e9). Gosha sa okrem in\u00e9ho stal najviac a najlep\u0161ie ocenen\u00fdm psom v tomto plemene v\u00f4bec na celom svete. Mysl\u00edm, \u017ee toto prvenstvo mu bude e\u0161te dlho patri\u0165 a \u0165a\u017eko ho niekto prekon\u00e1. Je to \u00fa\u017easn\u00e9 ma\u0165 tak\u00e9ho psa a ma\u0165 ho u n\u00e1s na Slovensku. O to viac ma te\u0161\u00ed, \u017ee nie je v\u00fdnimo\u010dn\u00fd len on s\u00e1m, ale aj jeho odchovy, o \u010dom sved\u010dia \u00faspechy jeho dc\u00e9ry Magie z prv\u00e9ho odchovu po \u0148om a pevne ver\u00edm, \u017ee \u010fal\u0161ie deti\u010dky ho bud\u00fa nasledova\u0165. Zl\u00e9 jazyky sa p\u00fd\u0161ia, t\u00fdm \u010do nedosiahli, ja hovor\u00edm, dobr\u00e9 sa chv\u00e1li samo a som r\u00e1d, \u017ee ve\u013ea \u013eud\u00ed v\u010faka Goshovi toto plemeno spoznalo a zamilovalo si ho, tak ako ja a \u017ee aj na v\u00fdstav\u00e1ch mohli rozhodcovia kone\u010dne v z\u00e1vere\u010dn\u00fdch discipl\u00ednach spozna\u0165 americk\u00e9ho bezsrst\u00e9ho teri\u00e9ra pr\u00e1ve v\u010faka Goshovi. Ako prv\u00fd st\u00e1l na stupni v\u00ed\u0165azov v BIG (best in group &#8211; najlep\u0161\u00ed v skupine neuznan\u00fdch plemien) discipl\u00edne, \u010do je pre neuznan\u00e9 plemen\u00e1 ako BIS (best in show-najlep\u0161\u00ed pes v\u00fdstavy) pre uznan\u00e9, \u010di\u017ee najvy\u0161\u0161ie mo\u017en\u00e9 ocenenie na v\u00fdstave. D\u00fafam, \u017ee aj jeho \u00faspech bude rozhoduj\u00faci pri uzn\u00e1van\u00ed tohto plemena v FCI. E\u0161te som zabudol, Gosha m\u00e1 svoj mesiac v kalend\u00e1ri o AHT v USA v janu\u00e1ri 2013. Rob\u00edme si z neho srandu, \u017ee je playboy of the month. Svoju v\u00fdstavn\u00fa kari\u00e9ru zav\u0155\u0161i v marci 2013 po obdr\u017ean\u00ed titulu Top teri\u00e9r roku 2012 a predo\u0161l\u00fdch titulov CH UKC USA, CH UKC Finska, JCH, CH, GRCH, Klubov\u00fd JCH a CH, \u0161ampi\u00f3n \u0161ampi\u00f3nov Slovenska, JCH, CH, GRCH, Klubov\u00fd JCH a CH \u010ceskej republiky. Po dov\u0155\u0161en\u00ed Goshovej kari\u00e9ry prenech\u00e1me v\u00fdstavn\u00e9 kruhy jeho dc\u00e9re Magie (a \u010fal\u0161\u00edm potomkom), na\u0161ej n\u00e1dejnej fenke Luxy (import Nemecko), Belvue (import USA) a \u010fal\u0161\u00edm na\u0161\u00edm importovan\u00fdm jedincom, ktor\u00fdch vyber\u00e1me tak, aby sme zve\u013eadili chov na Slovensku a v Eur\u00f3pe a aby ste to mali VY pri rozhodovan\u00ed pri k\u00fape \u013eah\u0161ie ako som to mal ja, ke\u010f som za\u010d\u00ednal. V pr\u00edpade z\u00e1ujmu o spoznani alebo k\u00fapu tohto \u00fa\u017easn\u00e9ho plemena (z ktor\u00e9hoko\u013evek k\u00fata na svete) ma m\u00f4\u017eete kedyko\u013evek kontaktova\u0165. R\u00e1d v\u00e1m porad\u00edm a budem sa s vami te\u0161i\u0165 z \u010fal\u0161\u00edch \u00faspechov tohto mlad\u00e9ho, kr\u00e1sneho plemena.<\/p>\n<hr \/>\n<p style=\"text-align: justify;\"><span style=\"font-size: 14pt;\"><strong>\u25ca 2016\u00a0\u25ca<\/strong><\/span><br \/>\nV s\u00fa\u010dasnosti, ako m\u00f4\u017eete vidie\u0165 u na\u0161ich importovan\u00fdch ps\u00edkoch, alebo u\u017e na\u0161ich odchovoch, sa mo\u017enos\u0165 vystavova\u0165 roz\u0161\u00edrila o viacer\u00e9 Eur\u00f3pske krajiny a Rusko a okolit\u00e9 \u0161t\u00e1ty.<br \/>\nChovn\u00e1 stanica Santner\u00b4s Kennel sa sna\u017e\u00ed nielen dr\u017ea\u0165 krok, ale aj ud\u00e1va\u0165 tempo. Preto sa m\u00f4\u017eeme pochv\u00e1li\u0165 nieko\u013ek\u00fdmi prvenstvami, a to nielen Slovensk\u00fdmi, ale i celosvetov\u00fdmi:<br \/>\nAko prv\u00ed a zatia\u013e jedin\u00ed sme doviezli \u0161ampi\u00f3na USA<br \/>\nAko prv\u00ed sme na Slovensku z\u00edskali titul Slovensk\u00fd \u0161ampi\u00f3n \u0161teniat<br \/>\nAko prv\u00ed m\u00e1me TOP Teri\u00e9ra (samca) a hlavne Klubov\u00e9ho \u0161ampi\u00f3na Slovenska, samca i samicu (naj\u0165a\u017e\u0161ie z\u00edskate\u013en\u00fd titul a aj najviac \u010dasu trv\u00e1 ho z\u00edska\u0165)<br \/>\nAko prv\u00ed sme vyhrali Victory show &#8211; \u0161ampi\u00f3n \u0161ampi\u00f3nov (dospel\u00fdch i mlad\u00fdch)<br \/>\nAko prv\u00ed sme st\u00e1li na prvom mieste v BIG \/best in group\/<br \/>\nAko prv\u00ed m\u00e1me slovensk\u00e9ho grand\u0161ampiona (samca) v plemene<br \/>\nAko prv\u00ed na svete m\u00e1me Ma\u010farsk\u00e9ho \u0161ampi\u00f3na<br \/>\nAko prv\u00ed na svete m\u00e1me Po\u013esk\u00e9ho \u0161ampi\u00f3na (dospel\u00e9ho, ktor\u00e9ho z\u00edskanie trv\u00e1 min 6 mesiacov, nie v\u00edkend ako u juniora)<br \/>\nAko prv\u00ed m\u00e1me Chorv\u00e1tskeho \u0161ampi\u00f3na (boli tam i \u010cesi, ale my sme vyhrali na BOB a BOS, tak k\u013eudne sa d\u00e1 poveda\u0165, \u017ee i prv\u00ed na svete)<br \/>\nAko prv\u00ed m\u00e1me \u0161ampi\u00f3na Srbska (boli tam i \u010cesi, ale my sme vyhrali na BOB a BOS, tak k\u013eudne sa d\u00e1 poveda\u0165, \u017ee i prv\u00ed na svete)<br \/>\nAko prv\u00ed m\u00e1me \u0161ampi\u00f3na Bosny a Hercegoviny (boli tam i \u010cesi, ale my sme vyhrali na BOB a BOS, tak k\u013eudne sa d\u00e1 poveda\u0165, \u017ee i prv\u00ed na svete)<br \/>\nAko prv\u00ed na svete m\u00e1me \u0161ampi\u00f3na Rumunska<br \/>\nAko prv\u00ed Slov\u00e1ci m\u00e1me \u010desk\u00e9ho klubov\u00e9ho junior \u0161ampi\u00f3na aj \u0161ampi\u00f3na a v Prahe sme vyhrali prv\u00e9 miesto v BIG (samec)<br \/>\nAko prv\u00ed na svete m\u00e1me Chorv\u00e1tskeho junior \u0161ampi\u00f3na<br \/>\nAko prv\u00ed na svete m\u00e1me Bulharsk\u00e9ho junior \u0161ampi\u00f3na<br \/>\nAko prv\u00ed na svete m\u00e1me junior \u0161ampi\u00f3na \u010ciernej Hory (Monte Negro)<br \/>\nAko prv\u00ed na svete m\u00e1me junior \u0161ampi\u00f3na Srbska<br \/>\nAko prv\u00ed na svete m\u00e1me junior \u0161ampi\u00f3na Bosny a Hercegoviny<br \/>\nAko prv\u00ed na svete m\u00e1me junior \u0161ampi\u00f3na Ma\u010farska<br \/>\nAko prv\u00e1 na klubove ???????????z\u00edskala na\u0161a 9 mes. suka titul Najlep\u0161ia mlad\u00e1 suka (z cca 30 z\u00fa\u010dastnen\u00fdch plemien) a bola v prvej p\u00e4\u0165ke o BIS (Best in Show), kde s\u00fa\u0165a\u017eila s dospel\u00fdmi sk\u00fasenej\u0161\u00edmi psami<br \/>\nAko prv\u00ed sme s plemenom AHT boli v slovensk\u00fdch \u010dasopisoch a telev\u00edzii.<br \/>\nAko prv\u00ed na svete m\u00e1me multi\u0161ampi\u00f3na (\u0161ampi\u00f3n 5 r\u00f4znych kraj\u00edn) aj samca aj samicu v tomto plemene. Titul multi\u0161ampi\u00f3n 1 krajiny neexistuje (titul jch, ch, grch, klubov\u00fd jch a ch danej krajiny je po\u010d\u00edtan\u00fd ako 1 krajina)<br \/>\nAko prv\u00fd n\u00e1\u0161 odchov rob\u00ed CANIS TERAPIU.<br \/>\nV\u0161etky \u00faspechy s\u00fa ale ni\u010d proti tomu, ak\u00fa n\u00e1m na\u0161i psi (alebo na\u0161e psy) robia rados\u0165 ako \u017eivotn\u00ed partneri a \u00fa\u017easn\u00ed rodinn\u00ed \u010dlenovia a spolo\u010dn\u00edci.<br \/>\nKa\u017ed\u00fd, kto sa s t\u00fdmto plemenom stretol, aj ke\u010f mo\u017eno spo\u010diatku v\u00e1hal, sa zamiloval na \u017eivot a na smr\u0165. Ka\u017ed\u00fd, kto si k\u00fapil prv\u00e9 \u0161teniatko, si v kr\u00e1tkej dobe chce k\u00fapi\u0165 \u010fal\u0161ie, tak si toto plemeno zamiluje. Ten, komu to priestory umo\u017e\u0148uj\u00fa, chov\u00e1 minim\u00e1lne 2-3 ps\u00edkov.<\/p>\n<p style=\"text-align: justify;\">Plemeno je st\u00e1le v r\u00e1mci FCI veden\u00e9 ako neuznan\u00e9 a posudzovan\u00e9 v skupine XI. Ve\u013ek\u00fd posun nastal, ke\u010f za\u010diatkom roku 2016 bolo plemeno ofici\u00e1lne uznan\u00e9 a pridelen\u00e9 do AKC. St\u00e1le je tie\u017e v USA veden\u00e9 v UKC.<br \/>\nVstupom do AKC do skupiny teri\u00e9rov sa aj n\u00e1m v FCI pribli\u017euje sen uzna\u0165 toto plemeno a zaradi\u0165 ho do skupiny teri\u00e9rov . Ak sa tak stane, ur\u010dite budem pri tom!!!<br \/>\nMikul\u00e1\u0161 Santner<\/p>\n<hr \/>\n<p style=\"text-align: justify;\"><strong><span style=\"font-size: 14pt;\">\u25ca\u00a02017\u00a0\u25ca<\/span><\/strong><br \/>\nVroku 2016 sme sa z\u00fa\u010dastnili 108 v\u00fdstav psov. Z\u00edskali sme 30 \u0161ampion\u00e1tov (junior \u0161ampion, \u0161ampi\u00f3n a grand\u0161ampi\u00f3n tituly a diplomy). Najazdili sme 25,000 kilometrov po Eur\u00f3pe. Z\u00edskali sme tituly v Rum\u00fansku, Ma\u010farsku, Polsku, Slovensku, \u010cech\u00e1ch, \u010ciernej Hore, Srbsku, Chorv\u00e1tsku, Bosne a Hercegovine a Bulharsku. V\u010faka n\u00e1m sa toto plemeno dostalo do povedomia v t\u00fdchto krajin\u00e1ch medzi \u0161irok\u00fa i odborn\u00fa kynologick\u00fa verejnos\u0165.<br \/>\nV roku 2017 sme za\u010dali \u00faspe\u0161ne na v\u00fdstav\u00e1ch na Slovensku i v \u010cech\u00e1ch a te\u0161\u00edme sa na \u010fal\u0161ie na\u0161e \u00faspechy a \u00faspechy cel\u00e9ho plemena.<\/p>\n<p><span style=\"font-size: 14pt;\"><strong>\u25ca 2018 &#8211; s\u00fa\u010dastnos\u0165 \u25ca<\/strong><\/span><br \/>\n<span style=\"font-size: 12pt;\">V\u0161ade sme boli prv\u00ed, v\u0161etko sme videli a za\u017eili a nastal \u010das na zmenu a inov\u00e1ciu. Preto sme pre v\u00e1s pripravili nov\u00fa modernej\u0161iu str\u00e1nku <a href=\"http:\/\/www.americkybezsrstyterier.sk\">www.americkybezsrtyterier.sk<\/a> D\u00fafame, \u017ee sa v\u00e1m p\u00e1\u010di!<\/span><\/p>\n<p>PS: <span style=\"font-size: 12pt;\">By\u0165 prv\u00fd a najlep\u0161\u00ed prin\u00e1\u0161a aj riziko z\u00e1visti druh\u00fdch, ale nato si mus\u00ed ka\u017ed\u00fd v\u00ed\u0165az hold zvykn\u00fa\u0165. Vlastne to je to \u010do n\u00e1s pos\u00fava dopredu, lebo vieme, \u017ee to rob\u00edme dobre! Jedin\u00fdch americk\u00fdch \u0161ampi\u00f3nov mimo USA nem\u00e1 okrem n\u00e1s nikto a pochybujem, \u017ee niekedy niekto tak\u00fato m\u00e9tu prekon\u00e1, alebo si jej \u010do i len pribl\u00ed\u017ei. \u017dia\u013e ve\u013ea \u013eud\u00ed sa uspokoj\u00ed len so z\u00e1vistliv\u00fdmi re\u010dami namiesto toho, aby sa sna\u017eili posun\u00fa\u0165 trocha \u010falej!<\/span><\/p>\n<p><img loading=\"lazy\" decoding=\"async\" class=\"alignnone wp-image-150 aligncenter\" src=\"http:\/\/americanhairlessterrier.eu.sk\/wp-content\/uploads\/2016\/12\/Logo2-595x588.png\" alt=\"\" width=\"402\" height=\"397\" srcset=\"http:\/\/www.americanhairlessterrier.eu.sk\/wp-content\/uploads\/2016\/12\/Logo2-595x588.png 595w, http:\/\/www.americanhairlessterrier.eu.sk\/wp-content\/uploads\/2016\/12\/Logo2-768x759.png 768w, http:\/\/www.americanhairlessterrier.eu.sk\/wp-content\/uploads\/2016\/12\/Logo2.png 858w\" sizes=\"auto, (max-width: 402px) 100vw, 402px\" \/><\/p>\n","protected":false},"excerpt":{"rendered":"<p>\u25ca 2011\u00a0\u25ca V\u00edtam v\u00e1s na str\u00e1nke venovanej americk\u00fdm bezsrst\u00fdm teri\u00e9rom a mojej chovnej stanici Santner \u00b4s kennel. Moje meno je Mikul\u00e1\u0161 Santner a som dlhodob\u00fdm milovn\u00edkom a chovate\u013eom psov. Medzi moje najob\u013e\u00fabenej\u0161ie<a class=\"moretag\" href=\"http:\/\/www.americanhairlessterrier.eu.sk\/?page_id=8\">Read More&#8230;<\/a><\/p>\n","protected":false},"author":1,"featured_media":0,"parent":0,"menu_order":33,"comment_status":"closed","ping_status":"closed","template":"","meta":{"footnotes":""},"class_list":["post-8","page","type-page","status-publish","hentry"],"aioseo_notices":[],"_links":{"self":[{"href":"http:\/\/www.americanhairlessterrier.eu.sk\/index.php?rest_route=\/wp\/v2\/pages\/8","targetHints":{"allow":["GET"]}}],"collection":[{"href":"http:\/\/www.americanhairlessterrier.eu.sk\/index.php?rest_route=\/wp\/v2\/pages"}],"about":[{"href":"http:\/\/www.americanhairlessterrier.eu.sk\/index.php?rest_route=\/wp\/v2\/types\/page"}],"author":[{"embeddable":true,"href":"http:\/\/www.americanhairlessterrier.eu.sk\/index.php?rest_route=\/wp\/v2\/users\/1"}],"replies":[{"embeddable":true,"href":"http:\/\/www.americanhairlessterrier.eu.sk\/index.php?rest_route=%2Fwp%2Fv2%2Fcomments&post=8"}],"version-history":[{"count":8,"href":"http:\/\/www.americanhairlessterrier.eu.sk\/index.php?rest_route=\/wp\/v2\/pages\/8\/revisions"}],"predecessor-version":[{"id":1277,"href":"http:\/\/www.americanhairlessterrier.eu.sk\/index.php?rest_route=\/wp\/v2\/pages\/8\/revisions\/1277"}],"wp:attachment":[{"href":"http:\/\/www.americanhairlessterrier.eu.sk\/index.php?rest_route=%2Fwp%2Fv2%2Fmedia&parent=8"}],"curies":[{"name":"wp","href":"https:\/\/api.w.org\/{rel}","templated":true}]}}