{"id":9,"date":"2016-12-28T10:55:47","date_gmt":"2016-12-28T09:55:47","guid":{"rendered":"http:\/\/americanhairlessterrier.eu.sk\/?page_id=9"},"modified":"2017-06-14T21:59:55","modified_gmt":"2017-06-14T19:59:55","slug":"kontakt","status":"publish","type":"page","link":"http:\/\/www.americanhairlessterrier.eu.sk\/?page_id=9","title":{"rendered":"Kontakt"},"content":{"rendered":"<p style=\"text-align: center;\"><span style=\"font-size: 18pt;\"><strong>Kontaktujte N\u00e1s<\/strong><\/span><\/p>\n<p style=\"text-align: left;\"><strong>Miki Santner<\/strong><\/p>\n<p>Telef\u00f3nne \u010d\u00edslo: +421 903 380 329<\/p>\n<p>E-mail: santner@americkybezsrstyterier.sk<\/p>\n<p>M\u00f4j osobn\u00fd Facebook\u00a0\u21d2\u00a0<a href=\"https:\/\/www.facebook.com\/miki.santner\" target=\"_blank\" rel=\"noopener noreferrer\">Facebook &#8211; Miki Santner<\/a><\/p>\n<p>Facebook skupina\u00a0Americky bezsrsty terier &#8211; American hairless terrier\u00a0\u21d2\u00a0<a href=\"https:\/\/www.facebook.com\/groups\/169067569851229\/?fref=ts\" target=\"_blank\" rel=\"noopener noreferrer\">Facebook &#8211; ABT<\/a><\/p>\n<p>Facebook str\u00e1nka\u00a0American Hairless terrier &#8211; Americk\u00fd Bezsrst\u00fd Teri\u00e9r\u00a0\u21d2 <a href=\"https:\/\/www.facebook.com\/bestamericanhairlessterrier\" target=\"_blank\" rel=\"noopener noreferrer\">Facebook str\u00e1nka AHT &#8211; ABT<\/a><\/p>\n<hr \/>\n<p>FLASH &#8211; Mikul\u00e1\u0161 Santner<br \/>\nOkresn\u00fd \u00farad Trnava<br \/>\n\u010c\u00edslo \u017eivnostensk\u00e9ho registra: 207-12315<br \/>\nJeruzalemsk\u00e1 44<br \/>\n91701 Trnava<br \/>\nI\u010cO: 35176300<\/p>\n<div style=\"display:none\" class=\"fm-form-container fm-theme29\"><div id=\"fm-pages10\" class=\"fm-pages wdform_page_navigation \" show_title=\"false\" show_numbers=\"true\" type=\"none\"><\/div><form name=\"form10\" action=\"\/index.php?rest_route=%2Fwp%2Fv2%2Fpages%2F9\" method=\"post\" id=\"form10\" class=\"fm-form form10  \" enctype=\"multipart\/form-data\"><input type=\"hidden\" id=\"counter10\" value=\"5\" name=\"counter10\" \/><input type=\"hidden\" id=\"Itemid10\" value=\"\" name=\"Itemid10\" \/><input type=\"text\" class=\"fm-hide\" id=\"fm_bot_validation10\" value=\"\" name=\"fm_bot_validation10\" \/><input type=\"text\" class=\"fm-hide\" id=\"fm_empty_field_validation10\" value=\"\" name=\"fm_empty_field_validation10\" data-value=\"dac1db43a6216750643c29dce60ef72a\" \/><input type=\"hidden\" id=\"fm_form_nonce10\" name=\"fm_form_nonce10\" value=\"2cfdd33710\" \/><input type=\"hidden\" name=\"_wp_http_referer\" value=\"\/index.php?rest_route=%2Fwp%2Fv2%2Fpages%2F9\" \/><div class=\"wdform-page-and-images\" style=\"display:table; border-top:0px solid black;\"><div id=\"10form_view1\" class=\"wdform_page\" page_title=\"Untitled page\" next_title=\"Next\" next_type=\"text\" next_class=\"wdform-page-button\" next_checkable=\"false\" previous_title=\"Previous\" previous_type=\"text\" previous_class=\"wdform-page-button\" previous_checkable=\"false\"><div class=\"wdform_section\"><div class=\"wdform_column \" style=\"border: none;\"><div wdid=\"1\" class=\"wdform_row \"><div type=\"type_name\" class=\"wdform-field wd-width-100 wd-flex wd-flex-column\"><div class=\"wdform-label-section wd-width-100  wd-flex-row\" style=\"max-width: 100px;\">    <label  for=\"wdform_1_element_first10\" class=\"wdform-label\">Meno:<\/label><span class=\"wdform-required\">*<\/span><\/div><div class=\"wdform-element-section wd-flex  wd-flex-row wd-width-100\" style=\"max-width: 250px;\"><div class=\"wd-flex wd-flex-column wd-width-50\"><input type=\"text\" class=\"wd-width-100\" id=\"wdform_1_element_first10\" name=\"wdform_1_element_first10\" value=\"\" title=\"\" placeholder=\"\"  \/><label class=\"mini_label\" for=\"wdform_1_element_first10\">Meno<\/label><\/div><div class=\"wd-flex wd-flex-column wd-name-separator\"><\/div><div class=\"wd-flex wd-flex-column wd-width-50\"><input type=\"text\" class=\"wd-width-100\" id=\"wdform_1_element_last10\" name=\"wdform_1_element_last10\" value=\"\" title=\"\" placeholder=\"\"  \/><label class=\"mini_label\" for=\"wdform_1_element_last10\">Priezvisko<\/label><\/div><\/div><\/div><\/div><div wdid=\"2\" class=\"wdform_row \"><div type=\"type_textarea\" class=\"wdform-field wd-width-100 wd-flex wd-flex-column\"><div class=\"wdform-label-section wd-width-100 \" style=\"max-width: 100px;\">    <label  for=\"wdform_2_element10\" class=\"wdform-label\">Va\u0161a spr\u00e1va:<\/label><span class=\"wdform-required\">*<\/span><\/div><div class=\"wdform-element-section wd-flex  wd-width-100\" style=\"max-width: 400px;\"><textarea class=\"wd-width-100\"                      id=\"wdform_2_element10\"                      name=\"wdform_2_element10\"                      placeholder=\"\"                      style=\"height: 300px;\"                      ><\/textarea><\/div><\/div><\/div><div wdid=\"3\" class=\"wdform_row \"><div type=\"type_submitter_mail\" class=\"wdform-field wd-width-100 wd-flex wd-flex-column\"><div class=\"wdform-label-section wd-width-100  wd-flex-row\" style=\"max-width: 100px;\">    <label  for=\"wdform_3_element10\" class=\"wdform-label\">E-mail:<\/label><span class=\"wdform-required\">*<\/span><\/div><div class=\"wdform-element-section wd-flex  wd-flex-row wd-width-100\" style=\"max-width: 350px;\"><input type=\"text\" class=\"wd-width-100\" id=\"wdform_3_element10\" name=\"wdform_3_element10\" value=\"\" title=\"\" placeholder=\"\"   onchange=\"wd_check_email('3', '10', 'This is not a valid email address.')\" \/><\/div><\/div><\/div><div wdid=\"4\" class=\"wdform_row \"><div type=\"type_submit_reset\" class=\"wdform-field wd-width-100 wd-flex wd-flex-column\"><div class=\"wdform-element-section wd-flex  wd-flex-row wd-width-100\" ><button  type=\"button\" class=\"button-submit\" onclick=\"fm_submit_form('10');\"  data-ajax=\"0\"><span class=\"fm-submit-loading spinner fm-ico-spinner\"><\/span>Posla\u0165 spr\u00e1vu<\/button><button  type=\"button\" class=\"button-reset wd-hidden\" onclick=\"fm_reset_form(10);\" >Reset<\/button><\/div><\/div><\/div><\/div><\/div><div valign=\"top\" class=\"wdform_footer\" style=\"width: 100%;\"><div style=\"width: 100%;\"><div style=\"width: 100%; display: table; padding-top:10px;\"><div style=\"display: table-row-group;\"><div id=\"10page_nav1\" style=\"display: table-row;\"><\/div><\/div><\/div><\/div><\/div><\/div><\/div><div class=\"wdform_preload\"><\/div><\/form><\/div>\n","protected":false},"excerpt":{"rendered":"<p>Kontaktujte N\u00e1s Miki Santner Telef\u00f3nne \u010d\u00edslo: +421 903 380 329 E-mail: santner@americkybezsrstyterier.sk M\u00f4j osobn\u00fd Facebook\u00a0\u21d2\u00a0Facebook &#8211; Miki Santner Facebook skupina\u00a0Americky bezsrsty terier &#8211; American hairless terrier\u00a0\u21d2\u00a0Facebook &#8211; ABT Facebook str\u00e1nka\u00a0American Hairless terrier<a class=\"moretag\" href=\"http:\/\/www.americanhairlessterrier.eu.sk\/?page_id=9\">Read More&#8230;<\/a><\/p>\n","protected":false},"author":1,"featured_media":125,"parent":0,"menu_order":29,"comment_status":"closed","ping_status":"closed","template":"","meta":{"footnotes":""},"class_list":["post-9","page","type-page","status-publish","has-post-thumbnail","hentry"],"aioseo_notices":[],"_links":{"self":[{"href":"http:\/\/www.americanhairlessterrier.eu.sk\/index.php?rest_route=\/wp\/v2\/pages\/9","targetHints":{"allow":["GET"]}}],"collection":[{"href":"http:\/\/www.americanhairlessterrier.eu.sk\/index.php?rest_route=\/wp\/v2\/pages"}],"about":[{"href":"http:\/\/www.americanhairlessterrier.eu.sk\/index.php?rest_route=\/wp\/v2\/types\/page"}],"author":[{"embeddable":true,"href":"http:\/\/www.americanhairlessterrier.eu.sk\/index.php?rest_route=\/wp\/v2\/users\/1"}],"replies":[{"embeddable":true,"href":"http:\/\/www.americanhairlessterrier.eu.sk\/index.php?rest_route=%2Fwp%2Fv2%2Fcomments&post=9"}],"version-history":[{"count":6,"href":"http:\/\/www.americanhairlessterrier.eu.sk\/index.php?rest_route=\/wp\/v2\/pages\/9\/revisions"}],"predecessor-version":[{"id":1201,"href":"http:\/\/www.americanhairlessterrier.eu.sk\/index.php?rest_route=\/wp\/v2\/pages\/9\/revisions\/1201"}],"wp:featuredmedia":[{"embeddable":true,"href":"http:\/\/www.americanhairlessterrier.eu.sk\/index.php?rest_route=\/wp\/v2\/media\/125"}],"wp:attachment":[{"href":"http:\/\/www.americanhairlessterrier.eu.sk\/index.php?rest_route=%2Fwp%2Fv2%2Fmedia&parent=9"}],"curies":[{"name":"wp","href":"https:\/\/api.w.org\/{rel}","templated":true}]}}