{"id":94,"date":"2017-01-02T17:54:43","date_gmt":"2017-01-02T16:54:43","guid":{"rendered":"http:\/\/americanhairlessterrier.eu.sk\/?page_id=94"},"modified":"2023-10-14T09:00:36","modified_gmt":"2023-10-14T07:00:36","slug":"contact","status":"publish","type":"page","link":"http:\/\/www.americanhairlessterrier.eu.sk\/?page_id=94","title":{"rendered":"Contact"},"content":{"rendered":"\r\n\r\n<p style=\"text-align: center;\"><span style=\"font-size: 18pt;\"><strong>Contact Us<\/strong><\/span><\/p>\n<p style=\"text-align: left;\"><strong>Miki Santner<\/strong><\/p>\n<p>Phone number: +421 903 380 329<\/p>\n<p>E-mail:\u00a0santner@americkybezsrstyterier.sk<\/p>\n<p>My personal Facebook\u00a0\u21d2\u00a0<a href=\"https:\/\/www.facebook.com\/miki.santner\" target=\"_blank\" rel=\"noopener\">Facebook \u2013 Miki Santner<\/a><\/p>\n<p>Facebook group American Hairless Terrier\u00a0\u21d2\u00a0<a href=\"https:\/\/www.facebook.com\/groups\/169067569851229\/?fref=ts\" target=\"_blank\" rel=\"noopener\">Facebook \u2013 ABT<\/a><\/p>\n<p>Facebook page American Hairless terrier &#8211; Americk\u00fd Bezsrst\u00fd Teri\u00e9r \u21d2 <a href=\"https:\/\/www.facebook.com\/bestamericanhairlessterrier\" target=\"_blank\" rel=\"noopener\">Facebook page AHT &#8211; ABT\u00a0<\/a><\/p>\n<div style=\"display:none\" class=\"fm-form-container fm-theme29\"><div id=\"fm-pages3\" class=\"fm-pages wdform_page_navigation \" show_title=\"false\" show_numbers=\"true\" type=\"none\"><\/div><form name=\"form3\" action=\"\/index.php?rest_route=%2Fwp%2Fv2%2Fpages%2F94\" method=\"post\" id=\"form3\" class=\"fm-form form3  \" enctype=\"multipart\/form-data\"><input type=\"hidden\" id=\"counter3\" value=\"6\" name=\"counter3\" \/><input type=\"hidden\" id=\"Itemid3\" value=\"\" name=\"Itemid3\" \/><input type=\"text\" class=\"fm-hide\" id=\"fm_bot_validation3\" value=\"\" name=\"fm_bot_validation3\" \/><input type=\"text\" class=\"fm-hide\" id=\"fm_empty_field_validation3\" value=\"\" name=\"fm_empty_field_validation3\" data-value=\"c2769ccd3088ae066c69525c79a1ca7f\" \/><input type=\"hidden\" id=\"fm_form_nonce3\" name=\"fm_form_nonce3\" value=\"80088f5cbe\" \/><input type=\"hidden\" name=\"_wp_http_referer\" value=\"\/index.php?rest_route=%2Fwp%2Fv2%2Fpages%2F94\" \/><div class=\"wdform-page-and-images\" style=\"display:table; border-top:0px solid black;\"><div id=\"3form_view1\" class=\"wdform_page\" page_title=\"Untitled page\" next_title=\"Next\" next_type=\"text\" next_class=\"wdform-page-button\" next_checkable=\"false\" previous_title=\"Previous\" previous_type=\"text\" previous_class=\"wdform-page-button\" previous_checkable=\"false\"><div class=\"wdform_section\"><div class=\"wdform_column \"><div wdid=\"1\" class=\"wdform_row \"><div type=\"type_name\" class=\"wdform-field wd-width-100 wd-flex wd-flex-column\"><div class=\"wdform-label-section wd-width-100  wd-flex-row\" style=\"max-width: 150px;\">    <label  for=\"wdform_1_element_first3\" class=\"wdform-label\">Name:<\/label><span class=\"wdform-required\">*<\/span><\/div><div class=\"wdform-element-section wd-flex  wd-flex-row wd-width-100\" style=\"max-width: 250px;\"><div class=\"wd-flex wd-flex-column wd-width-50\"><input type=\"text\" class=\"wd-width-100\" id=\"wdform_1_element_first3\" name=\"wdform_1_element_first3\" value=\"\" title=\"\" placeholder=\"\"  \/><label class=\"mini_label\" for=\"wdform_1_element_first3\">First<\/label><\/div><div class=\"wd-flex wd-flex-column wd-name-separator\"><\/div><div class=\"wd-flex wd-flex-column wd-width-50\"><input type=\"text\" class=\"wd-width-100\" id=\"wdform_1_element_last3\" name=\"wdform_1_element_last3\" value=\"\" title=\"\" placeholder=\"\"  \/><label class=\"mini_label\" for=\"wdform_1_element_last3\">Last<\/label><\/div><\/div><\/div><\/div><div wdid=\"5\" class=\"wdform_row \"><div type=\"type_textarea\" class=\"wdform-field wd-width-100 wd-flex wd-flex-column\"><div class=\"wdform-label-section wd-width-100 \" style=\"max-width: 150px;\">    <label  for=\"wdform_5_element3\" class=\"wdform-label\">Message:<\/label><span class=\"wdform-required\">*<\/span><\/div><div class=\"wdform-element-section wd-flex  wd-width-100\" style=\"max-width: 400px;\"><textarea class=\"wd-width-100\"                      id=\"wdform_5_element3\"                      name=\"wdform_5_element3\"                      placeholder=\"\"                      style=\"height: 300px;\"                      ><\/textarea><\/div><\/div><\/div><div wdid=\"2\" class=\"wdform_row \"><div type=\"type_submitter_mail\" class=\"wdform-field wd-width-100 wd-flex wd-flex-column\"><div class=\"wdform-label-section wd-width-100  wd-flex-row\" style=\"max-width: 150px;\">    <label  for=\"wdform_2_element3\" class=\"wdform-label\">E-mail:<\/label><span class=\"wdform-required\">*<\/span><\/div><div class=\"wdform-element-section wd-flex  wd-flex-row wd-width-100\" style=\"max-width: 300px;\"><input type=\"text\" class=\"wd-width-100\" id=\"wdform_2_element3\" name=\"wdform_2_element3\" value=\"\" title=\"\" placeholder=\"\"   onchange=\"wd_check_email('2', '3', 'This is not a valid email address.')\" \/><\/div><\/div><\/div><div wdid=\"4\" class=\"wdform_row \"><div type=\"type_submit_reset\" class=\"wdform-field wd-width-100 wd-flex wd-flex-column\"><div class=\"wdform-element-section wd-flex  wd-flex-row wd-width-100\" ><button  type=\"button\" class=\"button-submit\" onclick=\"fm_submit_form('3');\"  data-ajax=\"0\"><span class=\"fm-submit-loading spinner fm-ico-spinner\"><\/span>Send Now!<\/button><button  type=\"button\" class=\"button-reset wd-hidden\" onclick=\"fm_reset_form(3);\" >Reset<\/button><\/div><\/div><\/div><\/div><\/div><div valign=\"top\" class=\"wdform_footer\" style=\"width: 100%;\"><div style=\"width: 100%;\"><div style=\"width: 100%; display: table;\"><div style=\"display: table-row-group;\"><div id=\"3page_nav1\" style=\"display: table-row;\"><\/div><\/div><\/div><\/div><\/div><\/div><\/div><div class=\"wdform_preload\"><\/div><\/form><\/div>\n\n\n<div>\n<p>Na\u0161a chovate\u013esk\u00e1 stanica spolupracuje s jednotkami na trhu poskytovania slu\u017eieb pre ps\u00edkov a predaja kynologick\u00fdch potrieb. Viac n\u00e1jde\u0161 na<span class=\"apple-converted-space\">\u00a0<\/span><a href=\"http:\/\/www.peknypes.sk\/\">www.peknypes.sk<\/a><span class=\"apple-converted-space\">\u00a0<\/span>,<span class=\"apple-converted-space\">\u00a0<\/span><a href=\"http:\/\/www.pethouse.sk\/\">www.pethouse.sk<\/a><span class=\"apple-converted-space\">\u00a0<\/span>,<span class=\"apple-converted-space\">\u00a0<\/span><a href=\"http:\/\/www.petshop.eu.sk\/\">www.petshop.eu.sk<\/a><span class=\"apple-converted-space\">\u00a0<\/span>,<span class=\"apple-converted-space\">\u00a0<\/span><a href=\"http:\/\/www.asociaciastrihacovpsov.sk\/\">www.asociaciastrihacovpsov.sk<\/a><\/p>\n<\/div>\n<div>\n<p>\u010eal\u0161ie u\u017eito\u010dn\u00e9 odkazy pre teba:<span class=\"apple-converted-space\">\u00a0<\/span><a href=\"http:\/\/www.kurzstrihaniapsov.sk\/\">www.kurzstrihaniapsov.sk<\/a><span class=\"apple-converted-space\">\u00a0<\/span>,<span class=\"apple-converted-space\">\u00a0<\/span><a href=\"http:\/\/www.stylovypes.sk\/\">www.stylovypes.sk<\/a><span class=\"apple-converted-space\">\u00a0<\/span>,<span class=\"apple-converted-space\">\u00a0<\/span><a href=\"http:\/\/www.psisalontrnava.sk\/\">www.psisalontrnava.sk<\/a><span class=\"apple-converted-space\">\u00a0<\/span>,<span class=\"apple-converted-space\">\u00a0<\/span><a href=\"http:\/\/www.instalater.eu.sk\/\">www.instalater.eu.sk<\/a><span class=\"apple-converted-space\">\u00a0<\/span>,<span class=\"apple-converted-space\">\u00a0<\/span><a href=\"http:\/\/www.americkybezsrstyterier.sk\/\">www.americkybezsrstyterier.sk<\/a><span class=\"apple-converted-space\">\u00a0<\/span>,<span class=\"apple-converted-space\">\u00a0<\/span><a href=\"http:\/\/www.americanhairlessterrier.eu.sk\/\">www.americanhairlessterrier.eu.sk<\/a><span class=\"apple-converted-space\">\u00a0<\/span>,<span class=\"apple-converted-space\">\u00a0<\/span><a href=\"http:\/\/www.flash.eu.sk\/\">www.flash.eu.sk<\/a><\/p>\n<\/div>\n\r\n","protected":false},"excerpt":{"rendered":"<p>Contact Us Miki Santner Phone number: +421 903 380 329 E-mail:\u00a0santner@americkybezsrstyterier.sk My personal Facebook\u00a0\u21d2\u00a0Facebook \u2013 Miki Santner Facebook group American Hairless Terrier\u00a0\u21d2\u00a0Facebook \u2013 ABT Facebook page American Hairless terrier &#8211; Americk\u00fd Bezsrst\u00fd<a class=\"moretag\" href=\"http:\/\/www.americanhairlessterrier.eu.sk\/?page_id=94\">Read More&#8230;<\/a><\/p>\n","protected":false},"author":1,"featured_media":125,"parent":0,"menu_order":12,"comment_status":"closed","ping_status":"closed","template":"","meta":{"footnotes":""},"class_list":["post-94","page","type-page","status-publish","has-post-thumbnail","hentry"],"aioseo_notices":[],"_links":{"self":[{"href":"http:\/\/www.americanhairlessterrier.eu.sk\/index.php?rest_route=\/wp\/v2\/pages\/94","targetHints":{"allow":["GET"]}}],"collection":[{"href":"http:\/\/www.americanhairlessterrier.eu.sk\/index.php?rest_route=\/wp\/v2\/pages"}],"about":[{"href":"http:\/\/www.americanhairlessterrier.eu.sk\/index.php?rest_route=\/wp\/v2\/types\/page"}],"author":[{"embeddable":true,"href":"http:\/\/www.americanhairlessterrier.eu.sk\/index.php?rest_route=\/wp\/v2\/users\/1"}],"replies":[{"embeddable":true,"href":"http:\/\/www.americanhairlessterrier.eu.sk\/index.php?rest_route=%2Fwp%2Fv2%2Fcomments&post=94"}],"version-history":[{"count":5,"href":"http:\/\/www.americanhairlessterrier.eu.sk\/index.php?rest_route=\/wp\/v2\/pages\/94\/revisions"}],"predecessor-version":[{"id":1280,"href":"http:\/\/www.americanhairlessterrier.eu.sk\/index.php?rest_route=\/wp\/v2\/pages\/94\/revisions\/1280"}],"wp:featuredmedia":[{"embeddable":true,"href":"http:\/\/www.americanhairlessterrier.eu.sk\/index.php?rest_route=\/wp\/v2\/media\/125"}],"wp:attachment":[{"href":"http:\/\/www.americanhairlessterrier.eu.sk\/index.php?rest_route=%2Fwp%2Fv2%2Fmedia&parent=94"}],"curies":[{"name":"wp","href":"https:\/\/api.w.org\/{rel}","templated":true}]}}